{"id":5247,"date":"2022-03-01T12:38:09","date_gmt":"2022-03-01T12:38:09","guid":{"rendered":"https:\/\/memooral.com\/columbaria-e-cinerarios\/"},"modified":"2022-05-26T12:17:43","modified_gmt":"2022-05-26T12:17:43","slug":"columbaria-e-cinerarios","status":"publish","type":"page","link":"https:\/\/memooral.com\/pt-pt\/columbaria-e-cinerarios\/","title":{"rendered":"Columbaria e ciner\u00e1rios"},"content":{"rendered":"<p>[et_pb_section fb_built=&#8221;1&#8243; module_class=&#8221;seccion seccion-pagina portada-pagina&#8221; _builder_version=&#8221;4.16&#8243; _module_preset=&#8221;default&#8221; background_color=&#8221;#E4DED7&#8243; global_colors_info=&#8221;{}&#8221;][et_pb_row _builder_version=&#8221;4.16&#8243; _module_preset=&#8221;default&#8221; global_colors_info=&#8221;{}&#8221;][et_pb_column type=&#8221;4_4&#8243; _builder_version=&#8221;4.16&#8243; _module_preset=&#8221;default&#8221; global_colors_info=&#8221;{}&#8221;][et_pb_post_title meta=&#8221;off&#8221; featured_image=&#8221;off&#8221; admin_label=&#8221;Empresa&#8221; _builder_version=&#8221;4.16&#8243; _module_preset=&#8221;default&#8221; title_font=&#8221;|700||on|||||&#8221; title_text_color=&#8221;#6B6C6C&#8221; text_orientation=&#8221;center&#8221; title_font_size_tablet=&#8221;36px&#8221; title_font_size_phone=&#8221;28px&#8221; title_font_size_last_edited=&#8221;on|phone&#8221; global_colors_info=&#8221;{}&#8221;][\/et_pb_post_title][\/et_pb_column][\/et_pb_row][\/et_pb_section][et_pb_section fb_built=&#8221;1&#8243; admin_label=&#8221;Migas&#8221; module_class=&#8221;seccion seccion-pagina migas-pan&#8221; _builder_version=&#8221;4.15.1&#8243; _module_preset=&#8221;default&#8221; background_color=&#8221;#C0CBD2&#8243; custom_padding=&#8221;0px||0px||false|false&#8221; global_module=&#8221;345&#8243; saved_tabs=&#8221;all&#8221; collapsed=&#8221;off&#8221; global_colors_info=&#8221;{}&#8221;][et_pb_row _builder_version=&#8221;4.16&#8243; _module_preset=&#8221;default&#8221; custom_padding=&#8221;10px||10px||false|false&#8221; global_colors_info=&#8221;{}&#8221;][et_pb_column type=&#8221;4_4&#8243; _builder_version=&#8221;4.16&#8243; _module_preset=&#8221;default&#8221; global_colors_info=&#8221;{}&#8221;][et_pb_code admin_label=&#8221;Migas de pan&#8221; _builder_version=&#8221;4.16&#8243; _module_preset=&#8221;default&#8221; text_orientation=&#8221;right&#8221; global_colors_info=&#8221;{}&#8221;]<nav aria-label=\"breadcrumbs\" class=\"rank-math-breadcrumb\"><p><span class=\"last\">Inicio<\/span><\/p><\/nav>[\/et_pb_code][\/et_pb_column][\/et_pb_row][\/et_pb_section][et_pb_section fb_built=&#8221;1&#8243; custom_padding_last_edited=&#8221;on|tablet&#8221; module_class=&#8221;seccion seccion-pagina columbarios-seccion&#8221; _builder_version=&#8221;4.16&#8243; _module_preset=&#8221;default&#8221; custom_padding_tablet=&#8221;||0px||false|false&#8221; custom_padding_phone=&#8221;||0px||false|false&#8221; global_colors_info=&#8221;{}&#8221;][et_pb_row column_structure=&#8221;2_5,3_5&#8243; custom_padding_last_edited=&#8221;on|tablet&#8221; _builder_version=&#8221;4.16&#8243; _module_preset=&#8221;default&#8221; width=&#8221;100%&#8221; max_width=&#8221;90%&#8221; custom_padding_tablet=&#8221;||0px||false|false&#8221; custom_padding_phone=&#8221;||0px||false|false&#8221; global_colors_info=&#8221;{}&#8221;][et_pb_column type=&#8221;2_5&#8243; _builder_version=&#8221;4.16&#8243; _module_preset=&#8221;default&#8221; global_colors_info=&#8221;{}&#8221;][et_pb_image src=&#8221;https:\/\/memooral.com\/wp-content\/uploads\/2022\/03\/img-columb-1.png&#8221; title_text=&#8221;img-columb&#8221; align=&#8221;center&#8221; _builder_version=&#8221;4.16&#8243; _module_preset=&#8221;default&#8221; global_colors_info=&#8221;{}&#8221;][\/et_pb_image][\/et_pb_column][et_pb_column type=&#8221;3_5&#8243; _builder_version=&#8221;4.16&#8243; _module_preset=&#8221;default&#8221; global_colors_info=&#8221;{}&#8221;][et_pb_text admin_label=&#8221;Columbarios&#8221; _builder_version=&#8221;4.16&#8243; _module_preset=&#8221;default&#8221; header_2_font=&#8221;|700||on|||||&#8221; header_2_text_color=&#8221;#AD9E95&#8243; header_2_font_size=&#8221;36px&#8221; custom_margin=&#8221;||0px||false|false&#8221; header_2_font_size_tablet=&#8221;30px&#8221; header_2_font_size_phone=&#8221;24px&#8221; header_2_font_size_last_edited=&#8221;on|phone&#8221; global_colors_info=&#8221;{}&#8221;]<\/p>\n<h2>Columb\u00e1rios<\/h2>\n<p>[\/et_pb_text][et_pb_text _builder_version=&#8221;4.16&#8243; _module_preset=&#8221;default&#8221; global_colors_info=&#8221;{}&#8221;]<\/p>\n<p>Configuram-se dispostos em grandes murais sobre os quais se serigrafa imagens de alto valor sentimental para o local. A implanta\u00e7\u00e3o do espa\u00e7o memorial \u00e9 poss\u00edvel tanto para instala\u00e7\u00f5es de peque\u00f1o tamanho como grandes locais (+ de 5000).<\/p>\n<p>Os columb\u00e1rios n\u00e3o precisam de obra civil para a sua montagem e instala\u00e7\u00e3o. Por n\u00e3o transformar nem modificar o espa\u00e7o ocupado, est\u00e3o aptos para instala\u00e7\u00e3o em templos ou edif\u00edcios catalogados, requerendo exclusivamente a realiza\u00e7\u00e3o de furos m\u00ednimos para assegurar a firmeza do conjunto \u00e0 parede ou ao solo.<\/p>\n<p>Fabricado com estrutura interna suportada por montantes e travessas de a\u00e7o inoxid\u00e1vel, unidas \u00e0s laterais de m\u00e1rmore travertino com portas sem ferragens vis\u00edveis, m\u00e1xima durabilidade e resist\u00eancia mec\u00e2nica de 500 kg por columb\u00e1rio.<\/p>\n<p><strong><span style=\"color: #ad9e95;\">O forro frontal pode ser:<\/span><\/strong><\/p>\n<ul>\n<li>Azulejo fotogr\u00e1fico de cer\u00e2mica<\/li>\n<li>M\u00e1rmore ou granito de alta qualidade<\/li>\n<\/ul>\n<p><strong><span style=\"color: #ad9e95;\">Asmedidas do columb\u00e1rio, podem ser:<\/span><\/strong><\/p>\n<ul>\n<li>Individual de 150 x 150 x 400 mm profundidade<\/li>\n<li>Familiar de 300 x 300 x 400 mm profundidade<\/li>\n<li>Feito sob medida de acordo com a necessidade do cliente<\/li>\n<\/ul>\n<p>[\/et_pb_text][\/et_pb_column][\/et_pb_row][\/et_pb_section][et_pb_section fb_built=&#8221;1&#8243; custom_padding_last_edited=&#8221;on|tablet&#8221; module_class=&#8221;seccion seccion-pagina aras-seccion&#8221; _builder_version=&#8221;4.16&#8243; _module_preset=&#8221;default&#8221; custom_padding_tablet=&#8221;0px||||false|false&#8221; custom_padding_phone=&#8221;0px||||false|false&#8221; global_colors_info=&#8221;{}&#8221;][et_pb_row column_structure=&#8221;3_5,2_5&#8243; _builder_version=&#8221;4.16&#8243; _module_preset=&#8221;default&#8221; width=&#8221;100%&#8221; max_width=&#8221;90%&#8221; global_colors_info=&#8221;{}&#8221;][et_pb_column type=&#8221;3_5&#8243; _builder_version=&#8221;4.16&#8243; _module_preset=&#8221;default&#8221; global_colors_info=&#8221;{}&#8221;][et_pb_text admin_label=&#8221;Aras comunitarias&#8221; _builder_version=&#8221;4.16&#8243; _module_preset=&#8221;default&#8221; header_2_font=&#8221;|700||on|||||&#8221; header_2_text_color=&#8221;#AD9E95&#8243; header_2_font_size=&#8221;36px&#8221; custom_margin=&#8221;||0px||false|false&#8221; header_2_font_size_tablet=&#8221;30px&#8221; header_2_font_size_phone=&#8221;24px&#8221; header_2_font_size_last_edited=&#8221;on|phone&#8221; global_colors_info=&#8221;{}&#8221;]<\/p>\n<h2>Aras comunit\u00e1rias<\/h2>\n<p>[\/et_pb_text][et_pb_text _builder_version=&#8221;4.16&#8243; _module_preset=&#8221;default&#8221; global_colors_info=&#8221;{}&#8221;]<\/p>\n<ul>\n<li>Espa\u00e7o comum para o dep\u00f3sito de cinzas.<\/li>\n<li>Solu\u00e7\u00e3o mais econ\u00f3mica.<\/li>\n<li>N\u00e3o existe quota de manuten\u00e7\u00e3o.<\/li>\n<li>As cinzas dos columb\u00e1rios s\u00e3o depositadas na Ara depois de cumprida a concess\u00e3o.<\/li>\n<li>Possibilidade de inclus\u00e3o tanto em columb\u00e1rio exterior como no interior, anexada a estes ou implantada de maneira independente.<\/li>\n<li>Capacidade para dep\u00f3sitos ilimitados.<\/li>\n<li>Indicado para o dep\u00f3sito de restos de urnas que n\u00e3o prorroguem o prazo contratual do columb\u00e1rio<\/li>\n<\/ul>\n<p>[\/et_pb_text][\/et_pb_column][et_pb_column type=&#8221;2_5&#8243; _builder_version=&#8221;4.16&#8243; _module_preset=&#8221;default&#8221; global_colors_info=&#8221;{}&#8221;][et_pb_image src=&#8221;https:\/\/memooral.com\/wp-content\/uploads\/2022\/03\/img-comunit-1.png&#8221; title_text=&#8221;img-comunit&#8221; align=&#8221;center&#8221; _builder_version=&#8221;4.16&#8243; _module_preset=&#8221;default&#8221; global_colors_info=&#8221;{}&#8221;][\/et_pb_image][\/et_pb_column][\/et_pb_row][\/et_pb_section][et_pb_section fb_built=&#8221;1&#8243; _builder_version=&#8221;4.15&#8243; _module_preset=&#8221;default&#8221; background_color=&#8221;#F5F5F3&#8243; global_module=&#8221;5492&#8243; global_colors_info=&#8221;{}&#8221;][et_pb_row column_structure=&#8221;1_2,1_2&#8243; use_custom_gutter=&#8221;on&#8221; _builder_version=&#8221;4.16&#8243; _module_preset=&#8221;default&#8221; width=&#8221;100%&#8221; max_width=&#8221;80%&#8221; global_colors_info=&#8221;{}&#8221;][et_pb_column type=&#8221;1_2&#8243; _builder_version=&#8221;4.16&#8243; _module_preset=&#8221;default&#8221; global_colors_info=&#8221;{}&#8221;][et_pb_image src=&#8221;https:\/\/memooral.com\/wp-content\/uploads\/2022\/03\/ordenador01.png&#8221; title_text=&#8221;ordenador01&#8243; _builder_version=&#8221;4.16&#8243; _module_preset=&#8221;default&#8221; global_colors_info=&#8221;{}&#8221;][\/et_pb_image][\/et_pb_column][et_pb_column type=&#8221;1_2&#8243; _builder_version=&#8221;4.16&#8243; _module_preset=&#8221;default&#8221; global_colors_info=&#8221;{}&#8221;][et_pb_text admin_label=&#8221;El software m\u00e1s avanzado&#8221; _builder_version=&#8221;4.16&#8243; _module_preset=&#8221;default&#8221; text_text_color=&#8221;#C0CBD2&#8243; text_font_size=&#8221;40px&#8221; custom_margin=&#8221;||15px||false|false&#8221; text_font_size_tablet=&#8221;36px&#8221; text_font_size_phone=&#8221;28px&#8221; text_font_size_last_edited=&#8221;on|phone&#8221; global_colors_info=&#8221;{}&#8221;]<\/p>\n<p>O software mais avan\u00e7ado<\/p>\n<p>[\/et_pb_text][et_pb_text admin_label=&#8221;Herramienta de Gesti\u00f3n Propia&#8221; _builder_version=&#8221;4.16&#8243; _module_preset=&#8221;default&#8221; text_font=&#8221;|700|||||||&#8221; text_text_color=&#8221;#6B6C6C&#8221; text_font_size=&#8221;36px&#8221; custom_margin=&#8221;||15px||false|false&#8221; text_font_size_tablet=&#8221;28px&#8221; text_font_size_phone=&#8221;24px&#8221; text_font_size_last_edited=&#8221;on|phone&#8221; global_colors_info=&#8221;{}&#8221;]<\/p>\n<p>Ferramenta de gest\u00e3o pr\u00f3pria<\/p>\n<p>[\/et_pb_text][et_pb_text admin_label=&#8221;MEMOORAL DISPONE DE UNA PLATAFORMA&#8230;&#8221; _builder_version=&#8221;4.16&#8243; _module_preset=&#8221;default&#8221; custom_margin=&#8221;||15px||false|false&#8221; global_colors_info=&#8221;{}&#8221;]<\/p>\n<p>O Memooral possui plataforma pr\u00f3pria para gerenciamento de reservas online, al\u00e9m de permitir perfeita organiza\u00e7\u00e3o e controle dos espa\u00e7os memoriais<\/p>\n<p>[\/et_pb_text][et_pb_text admin_label=&#8221;Incluye un curso de formaci\u00f3n&#8230;&#8221; _builder_version=&#8221;4.16&#8243; _module_preset=&#8221;default&#8221; text_font=&#8221;|700|||||||&#8221; text_text_color=&#8221;#AD9E95&#8243; custom_margin=&#8221;||||false|false&#8221; global_colors_info=&#8221;{}&#8221;]<\/p>\n<p>Inclui um curso de treinamento de 5 dias para aprender a gerenciar o software<\/p>\n<p>[\/et_pb_text][et_pb_button button_url=&#8221;@ET-DC@eyJkeW5hbWljIjp0cnVlLCJjb250ZW50IjoicG9zdF9saW5rX3VybF9wYWdlIiwic2V0dGluZ3MiOnsicG9zdF9pZCI6IjI1In19@&#8221; button_text=&#8221;SOFTWARE DE GEST\u00c3O&#8221; admin_label=&#8221;SOFTWARE DE GESTI\u00d3N&#8221; _builder_version=&#8221;4.16&#8243; _dynamic_attributes=&#8221;button_url&#8221; _module_preset=&#8221;default&#8221; custom_button=&#8221;on&#8221; button_text_size=&#8221;22px&#8221; button_text_color=&#8221;#6B6C6C&#8221; button_bg_color=&#8221;#C0CBD2&#8243; button_border_width=&#8221;0px&#8221; button_font=&#8221;|700|||||||&#8221; custom_padding=&#8221;10px|45px|10px|45px|false|false&#8221; button_text_size_tablet=&#8221;18px&#8221; button_text_size_phone=&#8221;16px&#8221; button_text_size_last_edited=&#8221;on|phone&#8221; global_colors_info=&#8221;{}&#8221;][\/et_pb_button][\/et_pb_column][\/et_pb_row][\/et_pb_section]<\/p>\n","protected":false},"excerpt":{"rendered":"<p><nav aria-label=\"breadcrumbs\" class=\"rank-math-breadcrumb\"><p><span class=\"last\">Inicio<\/span><\/p><\/nav>Columb\u00e1riosConfiguram-se dispostos em grandes murais sobre os quais se serigrafa imagens de alto valor sentimental para o local. A implanta\u00e7\u00e3o do espa\u00e7o memorial \u00e9 poss\u00edvel tanto para instala\u00e7\u00f5es de peque\u00f1o tamanho como grandes locais (+ de 5000). Os columb\u00e1rios n\u00e3o precisam de obra civil para a sua montagem e instala\u00e7\u00e3o. Por n\u00e3o transformar nem modificar [&hellip;]<\/p>\n","protected":false},"author":1,"featured_media":0,"parent":0,"menu_order":0,"comment_status":"closed","ping_status":"closed","template":"","meta":{"_et_pb_use_builder":"on","_et_pb_old_content":"","_et_gb_content_width":"","footnotes":""},"class_list":["post-5247","page","type-page","status-publish","hentry"],"_links":{"self":[{"href":"https:\/\/memooral.com\/pt-pt\/wp-json\/wp\/v2\/pages\/5247"}],"collection":[{"href":"https:\/\/memooral.com\/pt-pt\/wp-json\/wp\/v2\/pages"}],"about":[{"href":"https:\/\/memooral.com\/pt-pt\/wp-json\/wp\/v2\/types\/page"}],"author":[{"embeddable":true,"href":"https:\/\/memooral.com\/pt-pt\/wp-json\/wp\/v2\/users\/1"}],"replies":[{"embeddable":true,"href":"https:\/\/memooral.com\/pt-pt\/wp-json\/wp\/v2\/comments?post=5247"}],"version-history":[{"count":20,"href":"https:\/\/memooral.com\/pt-pt\/wp-json\/wp\/v2\/pages\/5247\/revisions"}],"predecessor-version":[{"id":5891,"href":"https:\/\/memooral.com\/pt-pt\/wp-json\/wp\/v2\/pages\/5247\/revisions\/5891"}],"wp:attachment":[{"href":"https:\/\/memooral.com\/pt-pt\/wp-json\/wp\/v2\/media?parent=5247"}],"curies":[{"name":"wp","href":"https:\/\/api.w.org\/{rel}","templated":true}]}}