{"id":5251,"date":"2022-03-01T12:36:11","date_gmt":"2022-03-01T12:36:11","guid":{"rendered":"https:\/\/memooral.com\/o-negocio\/"},"modified":"2022-05-26T12:18:14","modified_gmt":"2022-05-26T12:18:14","slug":"o-negocio","status":"publish","type":"page","link":"https:\/\/memooral.com\/pt-pt\/o-negocio\/","title":{"rendered":"O neg\u00f3cio"},"content":{"rendered":"<p>[et_pb_section fb_built=&#8221;1&#8243; module_class=&#8221;seccion seccion-pagina portada-pagina&#8221; _builder_version=&#8221;4.16&#8243; _module_preset=&#8221;default&#8221; background_color=&#8221;#E4DED7&#8243; global_colors_info=&#8221;{}&#8221;][et_pb_row _builder_version=&#8221;4.16&#8243; _module_preset=&#8221;default&#8221; global_colors_info=&#8221;{}&#8221;][et_pb_column type=&#8221;4_4&#8243; _builder_version=&#8221;4.16&#8243; _module_preset=&#8221;default&#8221; global_colors_info=&#8221;{}&#8221;][et_pb_post_title meta=&#8221;off&#8221; featured_image=&#8221;off&#8221; admin_label=&#8221;Empresa&#8221; _builder_version=&#8221;4.16&#8243; _module_preset=&#8221;default&#8221; title_font=&#8221;|700||on|||||&#8221; title_text_color=&#8221;#6B6C6C&#8221; text_orientation=&#8221;center&#8221; title_font_size_tablet=&#8221;36px&#8221; title_font_size_phone=&#8221;28px&#8221; title_font_size_last_edited=&#8221;on|phone&#8221; global_colors_info=&#8221;{}&#8221;][\/et_pb_post_title][\/et_pb_column][\/et_pb_row][\/et_pb_section][et_pb_section fb_built=&#8221;1&#8243; admin_label=&#8221;Migas&#8221; module_class=&#8221;seccion seccion-pagina migas-pan&#8221; _builder_version=&#8221;4.15.1&#8243; _module_preset=&#8221;default&#8221; background_color=&#8221;#C0CBD2&#8243; custom_padding=&#8221;0px||0px||false|false&#8221; global_module=&#8221;345&#8243; saved_tabs=&#8221;all&#8221; collapsed=&#8221;off&#8221; global_colors_info=&#8221;{}&#8221;][et_pb_row _builder_version=&#8221;4.16&#8243; _module_preset=&#8221;default&#8221; custom_padding=&#8221;10px||10px||false|false&#8221; global_colors_info=&#8221;{}&#8221;][et_pb_column type=&#8221;4_4&#8243; _builder_version=&#8221;4.16&#8243; _module_preset=&#8221;default&#8221; global_colors_info=&#8221;{}&#8221;][et_pb_code admin_label=&#8221;Migas de pan&#8221; _builder_version=&#8221;4.16&#8243; _module_preset=&#8221;default&#8221; text_orientation=&#8221;right&#8221; global_colors_info=&#8221;{}&#8221;]<nav aria-label=\"breadcrumbs\" class=\"rank-math-breadcrumb\"><p><span class=\"last\">Inicio<\/span><\/p><\/nav>[\/et_pb_code][\/et_pb_column][\/et_pb_row][\/et_pb_section][et_pb_section fb_built=&#8221;1&#8243; specialty=&#8221;on&#8221; padding_top_bottom_link_1=&#8221;false&#8221; padding_top_bottom_link_2=&#8221;false&#8221; padding_left_right_link_1=&#8221;false&#8221; padding_left_right_link_2=&#8221;false&#8221; module_class=&#8221;seccion seccion-pagina intro-empresa&#8221; _builder_version=&#8221;4.16&#8243; _module_preset=&#8221;default&#8221; inner_width=&#8221;100%&#8221; inner_max_width=&#8221;70%&#8221; global_colors_info=&#8221;{}&#8221;][et_pb_column type=&#8221;1_2&#8243; _builder_version=&#8221;4.16&#8243; custom_padding=&#8221;|||&#8221; global_colors_info=&#8221;{}&#8221; custom_padding__hover=&#8221;|||&#8221;][et_pb_text admin_label=&#8221;MEMOORAL est\u00e1 especializada&#8230;&#8221; _builder_version=&#8221;4.16&#8243; _module_preset=&#8221;default&#8221; text_text_color=&#8221;#6B6C6C&#8221; global_colors_info=&#8221;{}&#8221;]<\/p>\n<p>A MEMOORAL \u00e9 especializada em oferecer alternativas para o dep\u00f3sito de cinzas em espa\u00e7os emblem\u00e1ticos ligados emocionalmente ao falecido.<\/p>\n<p><strong><span style=\"color: #ad9e95;\">Uma nova perspetiva<\/span><\/strong><\/p>\n<p>A Memooral nasceu como resposta a uma vontade de um segmento cada vez maior da sociedade de encontrar novas alternativas para decidir o lugar onde os seus restos, ou os dos seus entes queridos, ser\u00e3o depositados.<\/p>\n<p>Convidar as pessoas a continuarem a fazer parte do que fizeram na vida.<\/p>\n<p>Assim, a perce\u00e7\u00e3o do falecimento da pr\u00f3pria pessoa ou de um ente querido \u00e9 o mais natural e o mais leve poss\u00edvel, sabendo que se passar\u00e1 a fazer parte f\u00edsica daquilo de que se fazia parte emocionalmente. Un escenario que influye positivamente en la felicidad de un individuo, afectar\u00e1 tambi\u00e9n positivamente en la percepci\u00f3n de su despedida.<\/p>\n<p>A equipa memooral \u00e9 composta por profissionais com vasta experi\u00eancia no setor funer\u00e1rio e de cemit\u00e9rios, que partilham a vis\u00e3o de fornecer solu\u00e7\u00f5es inovadoras para as necessidades apresentadas pela sociedade atual e o aumento constante do n\u00famero de crema\u00e7\u00f5es a n\u00edvel mundial.<\/p>\n<p>[\/et_pb_text][\/et_pb_column][et_pb_column type=&#8221;1_2&#8243; specialty_columns=&#8221;2&#8243; _builder_version=&#8221;4.16&#8243; custom_padding=&#8221;|||&#8221; global_colors_info=&#8221;{}&#8221; custom_padding__hover=&#8221;|||&#8221;][et_pb_row_inner column_structure=&#8221;1_2,1_2&#8243; _builder_version=&#8221;4.16&#8243; _module_preset=&#8221;default&#8221; global_colors_info=&#8221;{}&#8221;][et_pb_column_inner type=&#8221;1_2&#8243; saved_specialty_column_type=&#8221;1_2&#8243; _builder_version=&#8221;4.15&#8243; _module_preset=&#8221;default&#8221; global_colors_info=&#8221;{}&#8221;][et_pb_blurb title=&#8221;Sistema patenteado&#8221; image=&#8221;https:\/\/memooral.com\/wp-content\/uploads\/2022\/03\/icon-01.png&#8221; icon_alignment=&#8221;left&#8221; admin_label=&#8221;Patente Internacional&#8221; _builder_version=&#8221;4.16&#8243; _module_preset=&#8221;default&#8221; header_level=&#8221;h2&#8243; header_font=&#8221;|700|||||||&#8221; header_text_color=&#8221;#AD9E95&#8243; header_font_size=&#8221;20px&#8221; body_text_color=&#8221;#6B6C6C&#8221; global_colors_info=&#8221;{}&#8221;]<\/p>\n<p>A Memooral possui uma plataforma pr\u00f3pria para a gest\u00e3o de reservas online, al\u00e9m de permitir uma organiza\u00e7\u00e3o e um controlo perfeitos dos espa\u00e7os memoriais<\/p>\n<p>[\/et_pb_blurb][\/et_pb_column_inner][et_pb_column_inner type=&#8221;1_2&#8243; saved_specialty_column_type=&#8221;1_2&#8243; _builder_version=&#8221;4.15&#8243; _module_preset=&#8221;default&#8221; global_colors_info=&#8221;{}&#8221;][et_pb_blurb title=&#8221;Acordo com as principais funer\u00e1rias&#8221; image=&#8221;https:\/\/memooral.com\/wp-content\/uploads\/2022\/03\/icon-02.png&#8221; icon_alignment=&#8221;left&#8221; admin_label=&#8221;Acuerdo con las principales  funerarias&#8221; _builder_version=&#8221;4.16&#8243; _module_preset=&#8221;default&#8221; header_level=&#8221;h2&#8243; header_font=&#8221;|700|||||||&#8221; header_text_color=&#8221;#AD9E95&#8243; header_font_size=&#8221;20px&#8221; body_text_color=&#8221;#6B6C6C&#8221; global_colors_info=&#8221;{}&#8221;]<\/p>\n<p>A Memooral trabalha pela m\u00e3o das principais funer\u00e1rias, facilitando um servi\u00e7o completo e da mais alta qualidade<\/p>\n<p>[\/et_pb_blurb][\/et_pb_column_inner][\/et_pb_row_inner][et_pb_row_inner column_structure=&#8221;1_2,1_2&#8243; _builder_version=&#8221;4.16&#8243; _module_preset=&#8221;default&#8221; global_colors_info=&#8221;{}&#8221;][et_pb_column_inner type=&#8221;1_2&#8243; saved_specialty_column_type=&#8221;1_2&#8243; _builder_version=&#8221;4.15&#8243; _module_preset=&#8221;default&#8221; global_colors_info=&#8221;{}&#8221;][et_pb_blurb title=&#8221;Ferramenta de gest\u00e3o pr\u00f3pria&#8221; image=&#8221;https:\/\/memooral.com\/wp-content\/uploads\/2022\/03\/icon-04.png&#8221; icon_alignment=&#8221;left&#8221; admin_label=&#8221;Herramienta de Gesti\u00f3n Propia&#8221; _builder_version=&#8221;4.16&#8243; _module_preset=&#8221;default&#8221; header_level=&#8221;h2&#8243; header_font=&#8221;|700|||||||&#8221; header_text_color=&#8221;#AD9E95&#8243; header_font_size=&#8221;20px&#8221; body_text_color=&#8221;#6B6C6C&#8221; global_colors_info=&#8221;{}&#8221;]<\/p>\n<p>A Memooral possui uma plataforma pr\u00f3pria para a gest\u00e3o de reservas online, al\u00e9m de permitir uma organiza\u00e7\u00e3o e um controlo perfeitos dos espa\u00e7os memoriais<\/p>\n<p>[\/et_pb_blurb][\/et_pb_column_inner][et_pb_column_inner type=&#8221;1_2&#8243; saved_specialty_column_type=&#8221;1_2&#8243; _builder_version=&#8221;4.15&#8243; _module_preset=&#8221;default&#8221; global_colors_info=&#8221;{}&#8221;][et_pb_blurb title=&#8221;Ampla experi\u00eancia&#8221; image=&#8221;https:\/\/memooral.com\/wp-content\/uploads\/2022\/03\/icon-03.png&#8221; icon_alignment=&#8221;left&#8221; admin_label=&#8221;Amplia experiencia&#8221; _builder_version=&#8221;4.16&#8243; _module_preset=&#8221;default&#8221; header_level=&#8221;h2&#8243; header_font=&#8221;|700|||||||&#8221; header_text_color=&#8221;#AD9E95&#8243; header_font_size=&#8221;20px&#8221; body_text_color=&#8221;#6B6C6C&#8221; global_colors_info=&#8221;{}&#8221;]<\/p>\n<p>Os fundadores da memooral t\u00eam mais de 30 anos de experi\u00eancia na ind\u00fastria funer\u00e1ria Com isso, foi poss\u00edvel desenvolver um servi\u00e7o baseado no conhecimento das necessidades do cliente e no atendimento de qualidade.<\/p>\n<p>[\/et_pb_blurb][\/et_pb_column_inner][\/et_pb_row_inner][\/et_pb_column][\/et_pb_section][et_pb_section fb_built=&#8221;1&#8243; module_class=&#8221;seccion seccion-pagina cta-empresa&#8221; _builder_version=&#8221;4.16&#8243; _module_preset=&#8221;default&#8221; background_color=&#8221;#F5F5F3&#8243; global_colors_info=&#8221;{}&#8221;][et_pb_row _builder_version=&#8221;4.16&#8243; _module_preset=&#8221;default&#8221; width=&#8221;100%&#8221; max_width=&#8221;70%&#8221; global_colors_info=&#8221;{}&#8221;][et_pb_column type=&#8221;4_4&#8243; _builder_version=&#8221;4.16&#8243; _module_preset=&#8221;default&#8221; global_colors_info=&#8221;{}&#8221;][et_pb_text admin_label=&#8221;Estamos especializados en fabricaci\u00f3n&#8230;&#8221; _builder_version=&#8221;4.16&#8243; _module_preset=&#8221;default&#8221; text_font=&#8221;|700|||||||&#8221; text_font_size=&#8221;48px&#8221; text_orientation=&#8221;center&#8221; text_font_size_tablet=&#8221;38px&#8221; text_font_size_phone=&#8221;28px&#8221; text_font_size_last_edited=&#8221;on|phone&#8221; global_colors_info=&#8221;{}&#8221;]<\/p>\n<p><span style=\"color: #ad9e95;\">Somos especializados no fabrico e comercializa\u00e7\u00e3o<\/span> de columb\u00e1rios e aras comunit\u00e1rias<span style=\"color: #ad9e95;\">, bem como na gest\u00e3o de<\/span> espa\u00e7os memoriais <span style=\"color: #ad9e95;\">\u00e0 escala <\/span><span style=\"color: #ad9e95;\">internacional.<\/span><\/p>\n<p>[\/et_pb_text][\/et_pb_column][\/et_pb_row][\/et_pb_section][et_pb_section fb_built=&#8221;1&#8243; module_class=&#8221;seccion seccion-pagina carrusel-pagina&#8221; _builder_version=&#8221;4.16&#8243; _module_preset=&#8221;default&#8221; global_colors_info=&#8221;{}&#8221;][et_pb_row _builder_version=&#8221;4.16&#8243; _module_preset=&#8221;default&#8221; global_colors_info=&#8221;{}&#8221;][et_pb_column type=&#8221;4_4&#8243; _builder_version=&#8221;4.16&#8243; _module_preset=&#8221;default&#8221; global_colors_info=&#8221;{}&#8221;][et_pb_text admin_label=&#8221;\u00bfC\u00d3MO TRABAJAMOS?&#8221; _builder_version=&#8221;4.16&#8243; _module_preset=&#8221;default&#8221; text_text_color=&#8221;#AD9E95&#8243; header_2_font=&#8221;|700|||||||&#8221; header_2_text_color=&#8221;#AD9E95&#8243; header_2_font_size=&#8221;36px&#8221; text_orientation=&#8221;center&#8221; global_colors_info=&#8221;{}&#8221;]<\/p>\n<h2>COMO TRABALHAMOS?<\/h2>\n<p>[\/et_pb_text][dica_divi_carousel item_width_auto=&#8221;on&#8221; item_width=&#8221;80%&#8221; centermode=&#8221;on&#8221; loop=&#8221;on&#8221; autoplay=&#8221;on&#8221; autoplay_speed=&#8221;5000&#8243; arrow_nav=&#8221;on&#8221; dot_nav=&#8221;on&#8221; advanced_effect=&#8221;coverflow&#8221; coverflow_rotate=&#8221;35&#8243; coverflow_shadow=&#8221;off&#8221; arrow_nav_color=&#8221;#AD9E95&#8243; arrow_bg_color=&#8221;#E4DED7&#8243; dots_color=&#8221;#E4DED7&#8243; dots_active_color=&#8221;#AD9E95&#8243; image_force_fullwidth=&#8221;on&#8221; arrow_position=&#8221;middle-outside&#8221; admin_label=&#8221;Divi Carousel&#8221; _builder_version=&#8221;4.16&#8243; _module_preset=&#8221;default&#8221; global_colors_info=&#8221;{}&#8221;][dica_divi_carouselitem button_url_new_window=&#8221;1&#8243; image=&#8221;https:\/\/memooral.com\/wp-content\/uploads\/2022\/03\/realizado01.png&#8221; _builder_version=&#8221;4.16&#8243; _module_preset=&#8221;default&#8221; global_colors_info=&#8221;{}&#8221;][\/dica_divi_carouselitem][dica_divi_carouselitem button_url_new_window=&#8221;1&#8243; image=&#8221;https:\/\/memooral.com\/wp-content\/uploads\/2022\/03\/realizado03.png&#8221; _builder_version=&#8221;4.16&#8243; _module_preset=&#8221;default&#8221; global_colors_info=&#8221;{}&#8221;][\/dica_divi_carouselitem][dica_divi_carouselitem button_url_new_window=&#8221;1&#8243; image=&#8221;https:\/\/memooral.com\/wp-content\/uploads\/2022\/03\/realizado02.png&#8221; _builder_version=&#8221;4.16&#8243; _module_preset=&#8221;default&#8221; global_colors_info=&#8221;{}&#8221;][\/dica_divi_carouselitem][\/dica_divi_carousel][\/et_pb_column][\/et_pb_row][\/et_pb_section]<\/p>\n","protected":false},"excerpt":{"rendered":"<p><nav aria-label=\"breadcrumbs\" class=\"rank-math-breadcrumb\"><p><span class=\"last\">Inicio<\/span><\/p><\/nav>A MEMOORAL \u00e9 especializada em oferecer alternativas para o dep\u00f3sito de cinzas em espa\u00e7os emblem\u00e1ticos ligados emocionalmente ao falecido. Uma nova perspetiva A Memooral nasceu como resposta a uma vontade de um segmento cada vez maior da sociedade de encontrar novas alternativas para decidir o lugar onde os seus restos, ou os dos seus entes [&hellip;]<\/p>\n","protected":false},"author":1,"featured_media":0,"parent":0,"menu_order":0,"comment_status":"closed","ping_status":"closed","template":"","meta":{"_et_pb_use_builder":"on","_et_pb_old_content":"","_et_gb_content_width":"","footnotes":""},"class_list":["post-5251","page","type-page","status-publish","hentry"],"_links":{"self":[{"href":"https:\/\/memooral.com\/pt-pt\/wp-json\/wp\/v2\/pages\/5251"}],"collection":[{"href":"https:\/\/memooral.com\/pt-pt\/wp-json\/wp\/v2\/pages"}],"about":[{"href":"https:\/\/memooral.com\/pt-pt\/wp-json\/wp\/v2\/types\/page"}],"author":[{"embeddable":true,"href":"https:\/\/memooral.com\/pt-pt\/wp-json\/wp\/v2\/users\/1"}],"replies":[{"embeddable":true,"href":"https:\/\/memooral.com\/pt-pt\/wp-json\/wp\/v2\/comments?post=5251"}],"version-history":[{"count":14,"href":"https:\/\/memooral.com\/pt-pt\/wp-json\/wp\/v2\/pages\/5251\/revisions"}],"predecessor-version":[{"id":5896,"href":"https:\/\/memooral.com\/pt-pt\/wp-json\/wp\/v2\/pages\/5251\/revisions\/5896"}],"wp:attachment":[{"href":"https:\/\/memooral.com\/pt-pt\/wp-json\/wp\/v2\/media?parent=5251"}],"curies":[{"name":"wp","href":"https:\/\/api.w.org\/{rel}","templated":true}]}}