{"id":5259,"date":"2022-03-01T12:36:40","date_gmt":"2022-03-01T12:36:40","guid":{"rendered":"https:\/\/memooral.com\/software-de-gestao\/"},"modified":"2022-05-26T12:18:33","modified_gmt":"2022-05-26T12:18:33","slug":"software-de-gestao","status":"publish","type":"page","link":"https:\/\/memooral.com\/pt-pt\/software-de-gestao\/","title":{"rendered":"Software de gest\u00e3o"},"content":{"rendered":"<p>[et_pb_section fb_built=&#8221;1&#8243; admin_label=&#8221;T\u00edtulo&#8221; module_class=&#8221;seccion seccion-pagina portada-pagina&#8221; _builder_version=&#8221;4.16&#8243; _module_preset=&#8221;default&#8221; background_color=&#8221;#E4DED7&#8243; collapsed=&#8221;off&#8221; global_colors_info=&#8221;{}&#8221;][et_pb_row _builder_version=&#8221;4.16&#8243; _module_preset=&#8221;default&#8221; global_colors_info=&#8221;{}&#8221;][et_pb_column type=&#8221;4_4&#8243; _builder_version=&#8221;4.16&#8243; _module_preset=&#8221;default&#8221; global_colors_info=&#8221;{}&#8221;][et_pb_post_title meta=&#8221;off&#8221; featured_image=&#8221;off&#8221; admin_label=&#8221;Empresa&#8221; _builder_version=&#8221;4.16&#8243; _module_preset=&#8221;default&#8221; title_font=&#8221;|700||on|||||&#8221; title_text_color=&#8221;#6B6C6C&#8221; text_orientation=&#8221;center&#8221; title_font_size_tablet=&#8221;36px&#8221; title_font_size_phone=&#8221;28px&#8221; title_font_size_last_edited=&#8221;on|phone&#8221; global_colors_info=&#8221;{}&#8221;][\/et_pb_post_title][\/et_pb_column][\/et_pb_row][\/et_pb_section][et_pb_section fb_built=&#8221;1&#8243; admin_label=&#8221;Migas&#8221; module_class=&#8221;seccion seccion-pagina migas-pan&#8221; _builder_version=&#8221;4.15.1&#8243; _module_preset=&#8221;default&#8221; background_color=&#8221;#C0CBD2&#8243; custom_padding=&#8221;0px||0px||false|false&#8221; global_module=&#8221;345&#8243; saved_tabs=&#8221;all&#8221; collapsed=&#8221;off&#8221; global_colors_info=&#8221;{}&#8221;][et_pb_row _builder_version=&#8221;4.16&#8243; _module_preset=&#8221;default&#8221; custom_padding=&#8221;10px||10px||false|false&#8221; global_colors_info=&#8221;{}&#8221;][et_pb_column type=&#8221;4_4&#8243; _builder_version=&#8221;4.16&#8243; _module_preset=&#8221;default&#8221; global_colors_info=&#8221;{}&#8221;][et_pb_code admin_label=&#8221;Migas de pan&#8221; _builder_version=&#8221;4.16&#8243; _module_preset=&#8221;default&#8221; text_orientation=&#8221;right&#8221; global_colors_info=&#8221;{}&#8221;]<nav aria-label=\"breadcrumbs\" class=\"rank-math-breadcrumb\"><p><span class=\"last\">Inicio<\/span><\/p><\/nav>[\/et_pb_code][\/et_pb_column][\/et_pb_row][\/et_pb_section][et_pb_section fb_built=&#8221;1&#8243; admin_label=&#8221;Intro&#8221; module_class=&#8221;seccion seccion-pagina intro-softw&#8221; _builder_version=&#8221;4.16&#8243; _module_preset=&#8221;default&#8221; background_color=&#8221;#F5F5F3&#8243; global_colors_info=&#8221;{}&#8221;][et_pb_row column_structure=&#8221;1_2,1_2&#8243; _builder_version=&#8221;4.16&#8243; _module_preset=&#8221;default&#8221; width=&#8221;100%&#8221; max_width=&#8221;80%&#8221; global_colors_info=&#8221;{}&#8221;][et_pb_column type=&#8221;1_2&#8243; _builder_version=&#8221;4.16&#8243; _module_preset=&#8221;default&#8221; global_colors_info=&#8221;{}&#8221;][et_pb_image src=&#8221;https:\/\/memooral.com\/wp-content\/uploads\/2022\/03\/ordenador02.png&#8221; title_text=&#8221;ordenador02&#8243; _builder_version=&#8221;4.16&#8243; _module_preset=&#8221;default&#8221; global_colors_info=&#8221;{}&#8221;][\/et_pb_image][\/et_pb_column][et_pb_column type=&#8221;1_2&#8243; _builder_version=&#8221;4.16&#8243; _module_preset=&#8221;default&#8221; global_colors_info=&#8221;{}&#8221;][et_pb_text admin_label=&#8221;Especializados en ofrecer&#8230;&#8221; _builder_version=&#8221;4.16&#8243; _module_preset=&#8221;default&#8221; text_font=&#8221;|700|||||||&#8221; text_text_color=&#8221;#AD9E95&#8243; text_font_size=&#8221;36px&#8221; text_line_height=&#8221;1.5em&#8221; text_font_size_tablet=&#8221;32px&#8221; text_font_size_phone=&#8221;26px&#8221; text_font_size_last_edited=&#8221;on|phone&#8221; global_colors_info=&#8221;{}&#8221;]<\/p>\n<p>Especializada em oferecer alternativas para o dep\u00f3sito de cinzas em espa\u00e7os emblem\u00e1ticos ligados emocionalmente ao falecido.<\/p>\n<p>[\/et_pb_text][et_pb_text _builder_version=&#8221;4.16&#8243; _module_preset=&#8221;default&#8221; global_colors_info=&#8221;{}&#8221;]<\/p>\n<p>MEMOORAL possui plataforma pr\u00f3pria para gerenciamento de reservas online, al\u00e9m de permitir perfeita organiza\u00e7\u00e3o e controle dos espa\u00e7os memoriais.<\/p>\n<p>Dispomos do software mais avan\u00e7ado para <strong><span style=\"color: #ad9e95;\">agest\u00e3o de columb\u00e1rios e espa\u00e7os funer\u00e1rios<\/span><\/strong> memoriais.<\/p>\n<p>Com <strong><span style=\"color: #ad9e95;\">mais de 30 anos de experi\u00eancia no setor<\/span><\/strong>, adaptamos nuestro software a su<br \/>espa\u00e7o funer\u00e1rio, ajudando-o e agilizando graficamente a sua gest\u00e3o.<\/p>\n<p>[\/et_pb_text][\/et_pb_column][\/et_pb_row][\/et_pb_section][et_pb_section fb_built=&#8221;1&#8243; module_class=&#8221;seccion seccion-pagina cta-empresa&#8221; _builder_version=&#8221;4.16&#8243; _module_preset=&#8221;default&#8221; background_color=&#8221;#C0CBD2&#8243; global_colors_info=&#8221;{}&#8221;][et_pb_row _builder_version=&#8221;4.16&#8243; _module_preset=&#8221;default&#8221; width=&#8221;100%&#8221; max_width=&#8221;70%&#8221; global_colors_info=&#8221;{}&#8221;][et_pb_column type=&#8221;4_4&#8243; _builder_version=&#8221;4.16&#8243; _module_preset=&#8221;default&#8221; global_colors_info=&#8221;{}&#8221;][et_pb_text admin_label=&#8221;Estamos especializados en fabricaci\u00f3n&#8230;&#8221; _builder_version=&#8221;4.16&#8243; _module_preset=&#8221;default&#8221; text_font=&#8221;Gabrielly||||||||&#8221; text_text_color=&#8221;#FFFFFF&#8221; text_font_size=&#8221;60px&#8221; text_orientation=&#8221;center&#8221; text_font_size_tablet=&#8221;40px&#8221; text_font_size_phone=&#8221;32px&#8221; text_font_size_last_edited=&#8221;on|phone&#8221; global_colors_info=&#8221;{}&#8221;]<\/p>\n<p>Facilitamos a gest\u00e3o do seu columb\u00e1rio ou espa\u00e7o funer\u00e1rio<\/p>\n<p>[\/et_pb_text][\/et_pb_column][\/et_pb_row][\/et_pb_section][et_pb_section fb_built=&#8221;1&#8243; module_class=&#8221;seccion seccion-pagina caract-soft&#8221; _builder_version=&#8221;4.16&#8243; _module_preset=&#8221;default&#8221; global_colors_info=&#8221;{}&#8221;][et_pb_row _builder_version=&#8221;4.16&#8243; _module_preset=&#8221;default&#8221; global_colors_info=&#8221;{}&#8221;][et_pb_column type=&#8221;4_4&#8243; _builder_version=&#8221;4.16&#8243; _module_preset=&#8221;default&#8221; global_colors_info=&#8221;{}&#8221;][et_pb_text admin_label=&#8221;CARACTER\u00cdSTICAS DEL SOFTWARE&#8221; _builder_version=&#8221;4.16&#8243; _module_preset=&#8221;default&#8221; header_2_text_align=&#8221;center&#8221; header_2_text_color=&#8221;#AD9E95&#8243; header_2_font_size=&#8221;36px&#8221; header_2_font_size_tablet=&#8221;28px&#8221; header_2_font_size_phone=&#8221;24px&#8221; header_2_font_size_last_edited=&#8221;on|phone&#8221; global_colors_info=&#8221;{}&#8221;]<\/p>\n<h2>FUN\u00c7\u00d5ES PENSADAS PARA VOC\u00ca<\/h2>\n<p>[\/et_pb_text][\/et_pb_column][\/et_pb_row][et_pb_row column_structure=&#8221;1_5,1_5,1_5,1_5,1_5&#8243; make_equal=&#8221;on&#8221; _builder_version=&#8221;4.16&#8243; _module_preset=&#8221;default&#8221; width=&#8221;100%&#8221; max_width=&#8221;90%&#8221; global_colors_info=&#8221;{}&#8221;][et_pb_column type=&#8221;1_5&#8243; _builder_version=&#8221;4.16&#8243; _module_preset=&#8221;default&#8221; background_color=&#8221;#F5F5F3&#8243; custom_padding=&#8221;5px|5px|5px|5px|false|false&#8221; global_colors_info=&#8221;{}&#8221;][et_pb_blurb title=&#8221;Cobran\u00e7a&#8221; image=&#8221;https:\/\/memooral.com\/wp-content\/uploads\/2022\/03\/check.png&#8221; admin_label=&#8221;Facturaci\u00f3n&#8221; module_class=&#8221;check&#8221; _builder_version=&#8221;4.16&#8243; _module_preset=&#8221;default&#8221; header_level=&#8221;h3&#8243; header_font=&#8221;|700|||||||&#8221; header_text_align=&#8221;center&#8221; header_text_color=&#8221;#AD9E95&#8243; header_font_size=&#8221;20px&#8221; body_text_align=&#8221;center&#8221; background_color=&#8221;#F5F5F3&#8243; custom_padding=&#8221;30px|15px|30px|15px|false|false&#8221; border_color_all=&#8221;#cbcbcb&#8221; border_style_all=&#8221;none&#8221; global_colors_info=&#8221;{}&#8221;]<\/p>\n<p>Liquida\u00e7\u00e3o de tarifas e controle de funer\u00e1rias.<\/p>\n<p>[\/et_pb_blurb][\/et_pb_column][et_pb_column type=&#8221;1_5&#8243; _builder_version=&#8221;4.16&#8243; _module_preset=&#8221;default&#8221; background_color=&#8221;#F5F5F3&#8243; global_colors_info=&#8221;{}&#8221;][et_pb_blurb title=&#8221;Servi\u00e7os&#8221; image=&#8221;https:\/\/memooral.com\/wp-content\/uploads\/2022\/03\/check.png&#8221; admin_label=&#8221;Servicios&#8221; module_class=&#8221;check&#8221; _builder_version=&#8221;4.16&#8243; _module_preset=&#8221;default&#8221; header_level=&#8221;h3&#8243; header_font=&#8221;|700|||||||&#8221; header_text_align=&#8221;center&#8221; header_text_color=&#8221;#AD9E95&#8243; header_font_size=&#8221;20px&#8221; body_text_align=&#8221;center&#8221; background_color=&#8221;#F5F5F3&#8243; custom_padding=&#8221;30px|15px|30px|15px|false|false&#8221; border_color_all=&#8221;#cbcbcb&#8221; border_style_all=&#8221;none&#8221; global_colors_info=&#8221;{}&#8221;]<\/p>\n<p>Enterros, transfer\u00eancias, crema\u00e7\u00f5es, redu\u00e7\u00f5es, exuma\u00e7\u00f5es, etc.<\/p>\n<p>[\/et_pb_blurb][\/et_pb_column][et_pb_column type=&#8221;1_5&#8243; _builder_version=&#8221;4.16&#8243; _module_preset=&#8221;default&#8221; background_color=&#8221;#F5F5F3&#8243; global_colors_info=&#8221;{}&#8221;][et_pb_blurb title=&#8221;Ordens de trabalho&#8221; image=&#8221;https:\/\/memooral.com\/wp-content\/uploads\/2022\/03\/check.png&#8221; admin_label=&#8221;Ordenes de trabajo&#8221; module_class=&#8221;check&#8221; _builder_version=&#8221;4.16&#8243; _module_preset=&#8221;default&#8221; header_level=&#8221;h3&#8243; header_font=&#8221;|700|||||||&#8221; header_text_align=&#8221;center&#8221; header_text_color=&#8221;#AD9E95&#8243; header_font_size=&#8221;20px&#8221; body_text_align=&#8221;center&#8221; background_color=&#8221;#F5F5F3&#8243; custom_padding=&#8221;30px|15px|30px|15px|false|false&#8221; border_color_all=&#8221;#cbcbcb&#8221; border_style_all=&#8221;none&#8221; global_colors_info=&#8221;{}&#8221;]<\/p>\n<p>Atrav\u00e9s de listas e consultas, especificando as tarefas a serem realizadas por dias, semanas ou meses. Ordens de enterro, transfer\u00eancia, incinera\u00e7\u00e3o, redu\u00e7\u00e3o e transfer\u00eancias.<\/p>\n<p>[\/et_pb_blurb][\/et_pb_column][et_pb_column type=&#8221;1_5&#8243; _builder_version=&#8221;4.16&#8243; _module_preset=&#8221;default&#8221; background_color=&#8221;#F5F5F3&#8243; global_colors_info=&#8221;{}&#8221;][et_pb_blurb title=&#8221;Arquivos&#8221; image=&#8221;https:\/\/memooral.com\/wp-content\/uploads\/2022\/03\/check.png&#8221; admin_label=&#8221;Expedientes&#8221; module_class=&#8221;check&#8221; _builder_version=&#8221;4.16&#8243; _module_preset=&#8221;default&#8221; header_level=&#8221;h3&#8243; header_font=&#8221;|700|||||||&#8221; header_text_align=&#8221;center&#8221; header_text_color=&#8221;#AD9E95&#8243; header_font_size=&#8221;20px&#8221; body_text_align=&#8221;center&#8221; background_color=&#8221;#F5F5F3&#8243; custom_padding=&#8221;30px|15px|30px|15px|false|false&#8221; border_color_all=&#8221;#cbcbcb&#8221; border_style_all=&#8221;none&#8221; global_colors_info=&#8221;{}&#8221;]<\/p>\n<p>Concess\u00f5es, mudan\u00e7as de titularidade, sepultamentos, redu\u00e7\u00f5es, transfer\u00eancias, exuma\u00e7\u00e3o e licen\u00e7a de espa\u00e7os.<\/p>\n<p>[\/et_pb_blurb][\/et_pb_column][et_pb_column type=&#8221;1_5&#8243; _builder_version=&#8221;4.16&#8243; _module_preset=&#8221;default&#8221; background_color=&#8221;#F5F5F3&#8243; global_colors_info=&#8221;{}&#8221;][et_pb_blurb title=&#8221;Estatisticas&#8221; image=&#8221;https:\/\/memooral.com\/wp-content\/uploads\/2022\/03\/check.png&#8221; admin_label=&#8221;Ordenes de trabajo&#8221; module_class=&#8221;check&#8221; _builder_version=&#8221;4.16&#8243; _module_preset=&#8221;default&#8221; header_level=&#8221;h3&#8243; header_font=&#8221;|700|||||||&#8221; header_text_align=&#8221;center&#8221; header_text_color=&#8221;#AD9E95&#8243; header_font_size=&#8221;20px&#8221; body_text_align=&#8221;center&#8221; background_color=&#8221;#F5F5F3&#8243; custom_padding=&#8221;30px|15px|30px|15px|false|false&#8221; border_color_all=&#8221;#cbcbcb&#8221; border_style_all=&#8221;none&#8221; global_colors_info=&#8221;{}&#8221;]<\/p>\n<p>Estat\u00edsticas de unidades, concess\u00f5es e sepultamentos. Di\u00e1rios de enterro, transfer\u00eancias, crema\u00e7\u00f5es e redu\u00e7\u00f5es.<\/p>\n<p>[\/et_pb_blurb][\/et_pb_column][\/et_pb_row][et_pb_row column_structure=&#8221;1_5,1_5,1_5,1_5,1_5&#8243; make_equal=&#8221;on&#8221; _builder_version=&#8221;4.16&#8243; _module_preset=&#8221;default&#8221; width=&#8221;100%&#8221; max_width=&#8221;90%&#8221; global_colors_info=&#8221;{}&#8221;][et_pb_column type=&#8221;1_5&#8243; _builder_version=&#8221;4.16&#8243; _module_preset=&#8221;default&#8221; background_color=&#8221;#F5F5F3&#8243; custom_padding=&#8221;5px|5px|5px|5px|false|false&#8221; global_colors_info=&#8221;{}&#8221;][et_pb_blurb title=&#8221;Concess\u00f5es&#8221; image_icon_background_color=&#8221;RGBA(255,255,255,0)&#8221; image=&#8221;https:\/\/memooral.com\/wp-content\/uploads\/2022\/03\/check.png&#8221; admin_label=&#8221;Concesiones&#8221; module_class=&#8221;check&#8221; _builder_version=&#8221;4.16&#8243; _module_preset=&#8221;default&#8221; header_level=&#8221;h3&#8243; header_font=&#8221;|700|||||||&#8221; header_text_align=&#8221;center&#8221; header_text_color=&#8221;#AD9E95&#8243; header_font_size=&#8221;20px&#8221; body_text_align=&#8221;center&#8221; background_color=&#8221;#F5F5F3&#8243; custom_padding=&#8221;30px|15px|30px|15px|false|false&#8221; border_color_all=&#8221;#cbcbcb&#8221; border_style_all=&#8221;none&#8221; global_colors_info=&#8221;{}&#8221;]<\/p>\n<p>Reservas, adjudica\u00e7\u00f5es, mudan\u00e7as de concess\u00e3o e titularidade, revers\u00e3o de unidades e taxas de conserva\u00e7\u00e3o.<\/p>\n<p>[\/et_pb_blurb][\/et_pb_column][et_pb_column type=&#8221;1_5&#8243; _builder_version=&#8221;4.16&#8243; _module_preset=&#8221;default&#8221; background_color=&#8221;#F5F5F3&#8243; global_colors_info=&#8221;{}&#8221;][et_pb_blurb title=&#8221;Localiza\u00e7\u00e3o&#8221; image=&#8221;https:\/\/memooral.com\/wp-content\/uploads\/2022\/03\/check.png&#8221; admin_label=&#8221;Localizaci\u00f3n&#8221; module_class=&#8221;check&#8221; _builder_version=&#8221;4.16&#8243; _module_preset=&#8221;default&#8221; header_level=&#8221;h3&#8243; header_font=&#8221;|700|||||||&#8221; header_text_align=&#8221;center&#8221; header_text_color=&#8221;#AD9E95&#8243; header_font_size=&#8221;20px&#8221; body_text_align=&#8221;center&#8221; background_color=&#8221;#F5F5F3&#8243; custom_padding=&#8221;30px|15px|30px|15px|false|false&#8221; border_color_all=&#8221;#cbcbcb&#8221; border_style_all=&#8221;none&#8221; global_colors_info=&#8221;{}&#8221;]<\/p>\n<p>F\u00e1cil localiza\u00e7\u00e3o de unidades graficamente.<\/p>\n<p>[\/et_pb_blurb][\/et_pb_column][et_pb_column type=&#8221;1_5&#8243; _builder_version=&#8221;4.16&#8243; _module_preset=&#8221;default&#8221; background_color=&#8221;#F5F5F3&#8243; global_colors_info=&#8221;{}&#8221;][et_pb_blurb title=&#8221;Gest\u00e3o gr\u00e1fica&#8221; image=&#8221;https:\/\/memooral.com\/wp-content\/uploads\/2022\/03\/check.png&#8221; admin_label=&#8221;Gesti\u00f3n gr\u00e1fica&#8221; module_class=&#8221;check&#8221; _builder_version=&#8221;4.16&#8243; _module_preset=&#8221;default&#8221; header_level=&#8221;h3&#8243; header_font=&#8221;|700|||||||&#8221; header_text_align=&#8221;center&#8221; header_text_color=&#8221;#AD9E95&#8243; header_font_size=&#8221;20px&#8221; body_text_align=&#8221;center&#8221; background_color=&#8221;#F5F5F3&#8243; custom_padding=&#8221;30px|15px|30px|15px|false|false&#8221; border_color_all=&#8221;#cbcbcb&#8221; border_style_all=&#8221;none&#8221; global_colors_info=&#8221;{}&#8221;]<\/p>\n<p>Sistema de cores atribu\u00eddas a cada unidade que permite distinguir facilmente unidades gratuitas, premiadas, reservadas ou vencidas.<\/p>\n<p>[\/et_pb_blurb][\/et_pb_column][et_pb_column type=&#8221;1_5&#8243; _builder_version=&#8221;4.16&#8243; _module_preset=&#8221;default&#8221; background_color=&#8221;#F5F5F3&#8243; global_colors_info=&#8221;{}&#8221;][et_pb_blurb title=&#8221;Impresso&#8221; image=&#8221;https:\/\/memooral.com\/wp-content\/uploads\/2022\/03\/check.png&#8221; admin_label=&#8221;Impresos&#8221; module_class=&#8221;check&#8221; _builder_version=&#8221;4.16&#8243; _module_preset=&#8221;default&#8221; header_level=&#8221;h3&#8243; header_font=&#8221;|700|||||||&#8221; header_text_align=&#8221;center&#8221; header_text_color=&#8221;#AD9E95&#8243; header_font_size=&#8221;20px&#8221; body_text_align=&#8221;center&#8221; background_color=&#8221;#F5F5F3&#8243; custom_padding=&#8221;30px|15px|30px|15px|false|false&#8221; border_color_all=&#8221;#cbcbcb&#8221; border_style_all=&#8221;none&#8221; global_colors_info=&#8221;{}&#8221;]<\/p>\n<p>Sistema de cores atribu\u00eddas a cada unidade que permite distinguir facilmente unidades gratuitas, premiadas, reservadas ou vencidas.<br \/>exuma\u00e7\u00e3o, documenta\u00e7\u00e3o sanit\u00e1ria e gerador de documentos.<\/p>\n<p>[\/et_pb_blurb][\/et_pb_column][et_pb_column type=&#8221;1_5&#8243; _builder_version=&#8221;4.16&#8243; _module_preset=&#8221;default&#8221; background_color=&#8221;#F5F5F3&#8243; global_colors_info=&#8221;{}&#8221;][et_pb_blurb title=&#8221;Pontos de informa\u00e7\u00e3o&#8221; image=&#8221;https:\/\/memooral.com\/wp-content\/uploads\/2022\/03\/check.png&#8221; admin_label=&#8221;Puntos de informaci\u00f3n&#8221; module_class=&#8221;check&#8221; _builder_version=&#8221;4.16&#8243; _module_preset=&#8221;default&#8221; header_level=&#8221;h3&#8243; header_font=&#8221;|700|||||||&#8221; header_text_align=&#8221;center&#8221; header_text_color=&#8221;#AD9E95&#8243; header_font_size=&#8221;20px&#8221; body_text_align=&#8221;center&#8221; background_color=&#8221;#F5F5F3&#8243; custom_padding=&#8221;30px|15px|30px|15px|false|false&#8221; border_color_all=&#8221;#cbcbcb&#8221; border_style_all=&#8221;none&#8221; global_colors_info=&#8221;{}&#8221;]<\/p>\n<p>Sistema de terminais de computador que d\u00e3o acesso imediato \u00e0s informa\u00e7\u00f5es solicitadas pelos visitantes. Procure o falecido e o caminho a seguir, etc.<\/p>\n<p>[\/et_pb_blurb][\/et_pb_column][\/et_pb_row][\/et_pb_section][et_pb_section fb_built=&#8221;1&#8243; module_class=&#8221;seccion seccion-pagina info-formacion&#8221; _builder_version=&#8221;4.16&#8243; _module_preset=&#8221;default&#8221; background_color=&#8221;#C0CBD2&#8243; global_colors_info=&#8221;{}&#8221;][et_pb_row column_structure=&#8221;1_2,1_2&#8243; _builder_version=&#8221;4.16&#8243; _module_preset=&#8221;default&#8221; width=&#8221;100%&#8221; max_width=&#8221;90%&#8221; global_colors_info=&#8221;{}&#8221;][et_pb_column type=&#8221;1_2&#8243; _builder_version=&#8221;4.16&#8243; _module_preset=&#8221;default&#8221; custom_padding=&#8221;150px|50px|150px|50px|false|false&#8221; global_colors_info=&#8221;{}&#8221;][et_pb_text admin_label=&#8221;INCLUYE UN CURSO DE FORMACI\u00d3N DE 5 D\u00cdAS&#8230;&#8221; _builder_version=&#8221;4.16&#8243; _module_preset=&#8221;default&#8221; text_font=&#8221;|700||on|||||&#8221; text_font_size=&#8221;40px&#8221; text_orientation=&#8221;center&#8221; text_font_size_tablet=&#8221;36px&#8221; text_font_size_phone=&#8221;28px&#8221; text_font_size_last_edited=&#8221;on|phone&#8221; global_colors_info=&#8221;{}&#8221;]<\/p>\n<p>INCLUI <span style=\"color: #ad9e95;\"> UM CURSO DE TREINAMENTO<\/span> <span style=\"color: #ffffff;\">DE<\/span> 5 DIAS <span style=\"color: #ffffff;\">PARA APRENDER A GERENCIAR O SOFTWARE.<\/span><\/p>\n<p>[\/et_pb_text][et_pb_button button_url=&#8221;@ET-DC@eyJkeW5hbWljIjp0cnVlLCJjb250ZW50IjoicG9zdF9saW5rX3VybF9wYWdlIiwic2V0dGluZ3MiOnsicG9zdF9pZCI6IjM1In19@&#8221; button_text=&#8221;SOLICITE UMA DEMONSTRA\u00c7\u00c3O&#8221; button_alignment=&#8221;center&#8221; admin_label=&#8221;P\u00cdDENOS INFORMACI\u00d3N&#8221; _builder_version=&#8221;4.16&#8243; _dynamic_attributes=&#8221;button_url&#8221; _module_preset=&#8221;default&#8221; custom_button=&#8221;on&#8221; button_text_size=&#8221;22px&#8221; button_text_color=&#8221;#6B6C6C&#8221; button_bg_color=&#8221;#E4DED7&#8243; button_border_width=&#8221;0px&#8221; button_border_radius=&#8221;0px&#8221; button_font=&#8221;|700||on|||||&#8221; custom_padding=&#8221;22px|22px|22px|22px|false|false&#8221; button_text_size_tablet=&#8221;18px&#8221; button_text_size_phone=&#8221;16px&#8221; button_text_size_last_edited=&#8221;on|phone&#8221; global_colors_info=&#8221;{}&#8221; custom_padding__hover_enabled=&#8221;on|hover&#8221; custom_padding__hover=&#8221;|35px|||false|false&#8221;][\/et_pb_button][\/et_pb_column][et_pb_column type=&#8221;1_2&#8243; _builder_version=&#8221;4.16&#8243; _module_preset=&#8221;default&#8221; global_colors_info=&#8221;{}&#8221;][et_pb_image src=&#8221;https:\/\/memooral.com\/wp-content\/uploads\/2022\/03\/ordenador03-1.png&#8221; title_text=&#8221;ordenador03&#8243; _builder_version=&#8221;4.16&#8243; _module_preset=&#8221;default&#8221; global_colors_info=&#8221;{}&#8221;][\/et_pb_image][\/et_pb_column][\/et_pb_row][\/et_pb_section]<\/p>\n","protected":false},"excerpt":{"rendered":"<p><nav aria-label=\"breadcrumbs\" class=\"rank-math-breadcrumb\"><p><span class=\"last\">Inicio<\/span><\/p><\/nav>Especializada em oferecer alternativas para o dep\u00f3sito de cinzas em espa\u00e7os emblem\u00e1ticos ligados emocionalmente ao falecido.MEMOORAL possui plataforma pr\u00f3pria para gerenciamento de reservas online, al\u00e9m de permitir perfeita organiza\u00e7\u00e3o e controle dos espa\u00e7os memoriais. Dispomos do software mais avan\u00e7ado para agest\u00e3o de columb\u00e1rios e espa\u00e7os funer\u00e1rios memoriais. Com mais de 30 anos de experi\u00eancia no [&hellip;]<\/p>\n","protected":false},"author":1,"featured_media":0,"parent":0,"menu_order":0,"comment_status":"closed","ping_status":"closed","template":"","meta":{"_et_pb_use_builder":"on","_et_pb_old_content":"","_et_gb_content_width":"","footnotes":""},"class_list":["post-5259","page","type-page","status-publish","hentry"],"_links":{"self":[{"href":"https:\/\/memooral.com\/pt-pt\/wp-json\/wp\/v2\/pages\/5259"}],"collection":[{"href":"https:\/\/memooral.com\/pt-pt\/wp-json\/wp\/v2\/pages"}],"about":[{"href":"https:\/\/memooral.com\/pt-pt\/wp-json\/wp\/v2\/types\/page"}],"author":[{"embeddable":true,"href":"https:\/\/memooral.com\/pt-pt\/wp-json\/wp\/v2\/users\/1"}],"replies":[{"embeddable":true,"href":"https:\/\/memooral.com\/pt-pt\/wp-json\/wp\/v2\/comments?post=5259"}],"version-history":[{"count":17,"href":"https:\/\/memooral.com\/pt-pt\/wp-json\/wp\/v2\/pages\/5259\/revisions"}],"predecessor-version":[{"id":5908,"href":"https:\/\/memooral.com\/pt-pt\/wp-json\/wp\/v2\/pages\/5259\/revisions\/5908"}],"wp:attachment":[{"href":"https:\/\/memooral.com\/pt-pt\/wp-json\/wp\/v2\/media?parent=5259"}],"curies":[{"name":"wp","href":"https:\/\/api.w.org\/{rel}","templated":true}]}}